{"id":5602,"date":"2020-12-18T16:49:50","date_gmt":"2020-12-18T15:49:50","guid":{"rendered":"https:\/\/www.gmt-menuiseries.com\/menuiseries-dmh\/?page_id=5602"},"modified":"2020-12-18T16:49:50","modified_gmt":"2020-12-18T15:49:50","slug":"qui-sommes-nous-2","status":"publish","type":"page","link":"https:\/\/www.gmt-menuiseries.com\/menuiseries-dmh\/qui-sommes-nous-2\/","title":{"rendered":"Qui sommes-nous ?"},"content":{"rendered":"<p>GMT est un groupe de n\u00e9gociants ind\u00e9pendants menuisiers offrant aux particuliers comme aux professionnels une solution de produits de menuiseries destin\u00e9s \u00e0 l&rsquo;habitat collectif et individuel. Notre Groupement Menuisier Tradition (GMT) compos\u00e9 de partenaires experts est pionnier sur ce march\u00e9 dans le secteur du Sud Ouest et Sud Est depuis sa cr\u00e9ation il y a 25 ans. Notre recherche permanente de nouveaux produits nous permets de r\u00e9pondre \u00e0 toutes vos exigences et vos souhaits.<\/p>\n","protected":false},"excerpt":{"rendered":"<p>GMT est un groupe de n\u00e9gociants ind\u00e9pendants menuisiers offrant aux particuliers comme aux professionnels une solution de produits de menuiseries destin\u00e9s \u00e0 l&rsquo;habitat collectif et individuel. Notre Groupement Menuisier Tradition (GMT) compos\u00e9 de partenaires experts est pionnier sur ce march\u00e9 dans le secteur du Sud Ouest et Sud Est depuis sa cr\u00e9ation il y a&#8230;<\/p>\n","protected":false},"author":1,"featured_media":0,"parent":0,"menu_order":0,"comment_status":"closed","ping_status":"closed","template":"views\/presentation.blade.php","meta":[],"acf":[],"yoast_head":"<!-- This site is optimized with the Yoast SEO plugin v19.7.1 - https:\/\/yoast.com\/wordpress\/plugins\/seo\/ -->\n<title>Qui sommes-nous ? - Menuiserie DMH<\/title>\n<meta name=\"robots\" content=\"index, follow, max-snippet:-1, max-image-preview:large, max-video-preview:-1\" \/>\n<link rel=\"canonical\" href=\"https:\/\/www.gmt-menuiseries.com\/menuiseries-dmh\/qui-sommes-nous-2\/\" \/>\n<meta property=\"og:locale\" content=\"fr_FR\" \/>\n<meta property=\"og:type\" content=\"article\" \/>\n<meta property=\"og:title\" content=\"Qui sommes-nous ? - Menuiserie DMH\" \/>\n<meta property=\"og:description\" content=\"GMT est un groupe de n\u00e9gociants ind\u00e9pendants menuisiers offrant aux particuliers comme aux professionnels une solution de produits de menuiseries destin\u00e9s \u00e0 l&rsquo;habitat collectif et individuel. Notre Groupement Menuisier Tradition (GMT) compos\u00e9 de partenaires experts est pionnier sur ce march\u00e9 dans le secteur du Sud Ouest et Sud Est depuis sa cr\u00e9ation il y a...\" \/>\n<meta property=\"og:url\" content=\"https:\/\/www.gmt-menuiseries.com\/menuiseries-dmh\/qui-sommes-nous-2\/\" \/>\n<meta property=\"og:site_name\" content=\"Menuiserie DMH\" \/>\n<meta name=\"twitter:card\" content=\"summary_large_image\" \/>\n<script type=\"application\/ld+json\" class=\"yoast-schema-graph\">{\"@context\":\"https:\/\/schema.org\",\"@graph\":[{\"@type\":\"WebPage\",\"@id\":\"https:\/\/www.gmt-menuiseries.com\/menuiseries-dmh\/qui-sommes-nous-2\/\",\"url\":\"https:\/\/www.gmt-menuiseries.com\/menuiseries-dmh\/qui-sommes-nous-2\/\",\"name\":\"Qui sommes-nous ? - Menuiserie DMH\",\"isPartOf\":{\"@id\":\"https:\/\/www.gmt-menuiseries.com\/menuiseries-dmh\/#website\"},\"datePublished\":\"2020-12-18T15:49:50+00:00\",\"dateModified\":\"2020-12-18T15:49:50+00:00\",\"breadcrumb\":{\"@id\":\"https:\/\/www.gmt-menuiseries.com\/menuiseries-dmh\/qui-sommes-nous-2\/#breadcrumb\"},\"inLanguage\":\"fr-FR\",\"potentialAction\":[{\"@type\":\"ReadAction\",\"target\":[\"https:\/\/www.gmt-menuiseries.com\/menuiseries-dmh\/qui-sommes-nous-2\/\"]}]},{\"@type\":\"BreadcrumbList\",\"@id\":\"https:\/\/www.gmt-menuiseries.com\/menuiseries-dmh\/qui-sommes-nous-2\/#breadcrumb\",\"itemListElement\":[{\"@type\":\"ListItem\",\"position\":1,\"name\":\"Accueil\",\"item\":\"https:\/\/www.gmt-menuiseries.com\/menuiseries-dmh\/\"},{\"@type\":\"ListItem\",\"position\":2,\"name\":\"Qui sommes-nous ?\"}]},{\"@type\":\"WebSite\",\"@id\":\"https:\/\/www.gmt-menuiseries.com\/menuiseries-dmh\/#website\",\"url\":\"https:\/\/www.gmt-menuiseries.com\/menuiseries-dmh\/\",\"name\":\"Menuiserie DMH\",\"description\":\"Un site utilisant WordPress\",\"publisher\":{\"@id\":\"https:\/\/www.gmt-menuiseries.com\/menuiseries-dmh\/#organization\"},\"potentialAction\":[{\"@type\":\"SearchAction\",\"target\":{\"@type\":\"EntryPoint\",\"urlTemplate\":\"https:\/\/www.gmt-menuiseries.com\/menuiseries-dmh\/?s={search_term_string}\"},\"query-input\":\"required name=search_term_string\"}],\"inLanguage\":\"fr-FR\"},{\"@type\":\"Organization\",\"@id\":\"https:\/\/www.gmt-menuiseries.com\/menuiseries-dmh\/#organization\",\"name\":\"Menuiserie DMH\",\"url\":\"https:\/\/www.gmt-menuiseries.com\/menuiseries-dmh\/\",\"sameAs\":[],\"logo\":{\"@type\":\"ImageObject\",\"inLanguage\":\"fr-FR\",\"@id\":\"https:\/\/www.gmt-menuiseries.com\/menuiseries-dmh\/#\/schema\/logo\/image\/\",\"url\":\"https:\/\/www.gmt-menuiseries.com\/wp-content\/uploads\/2025\/10\/logo-agence-dmh.png\",\"contentUrl\":\"https:\/\/www.gmt-menuiseries.com\/wp-content\/uploads\/2025\/10\/logo-agence-dmh.png\",\"width\":140,\"height\":96,\"caption\":\"Menuiserie DMH\"},\"image\":{\"@id\":\"https:\/\/www.gmt-menuiseries.com\/menuiseries-dmh\/#\/schema\/logo\/image\/\"}}]}<\/script>\n<!-- \/ Yoast SEO plugin. -->","yoast_head_json":{"title":"Qui sommes-nous ? - Menuiserie DMH","robots":{"index":"index","follow":"follow","max-snippet":"max-snippet:-1","max-image-preview":"max-image-preview:large","max-video-preview":"max-video-preview:-1"},"canonical":"https:\/\/www.gmt-menuiseries.com\/menuiseries-dmh\/qui-sommes-nous-2\/","og_locale":"fr_FR","og_type":"article","og_title":"Qui sommes-nous ? - Menuiserie DMH","og_description":"GMT est un groupe de n\u00e9gociants ind\u00e9pendants menuisiers offrant aux particuliers comme aux professionnels une solution de produits de menuiseries destin\u00e9s \u00e0 l&rsquo;habitat collectif et individuel. Notre Groupement Menuisier Tradition (GMT) compos\u00e9 de partenaires experts est pionnier sur ce march\u00e9 dans le secteur du Sud Ouest et Sud Est depuis sa cr\u00e9ation il y a...","og_url":"https:\/\/www.gmt-menuiseries.com\/menuiseries-dmh\/qui-sommes-nous-2\/","og_site_name":"Menuiserie DMH","twitter_card":"summary_large_image","schema":{"@context":"https:\/\/schema.org","@graph":[{"@type":"WebPage","@id":"https:\/\/www.gmt-menuiseries.com\/menuiseries-dmh\/qui-sommes-nous-2\/","url":"https:\/\/www.gmt-menuiseries.com\/menuiseries-dmh\/qui-sommes-nous-2\/","name":"Qui sommes-nous ? - Menuiserie DMH","isPartOf":{"@id":"https:\/\/www.gmt-menuiseries.com\/menuiseries-dmh\/#website"},"datePublished":"2020-12-18T15:49:50+00:00","dateModified":"2020-12-18T15:49:50+00:00","breadcrumb":{"@id":"https:\/\/www.gmt-menuiseries.com\/menuiseries-dmh\/qui-sommes-nous-2\/#breadcrumb"},"inLanguage":"fr-FR","potentialAction":[{"@type":"ReadAction","target":["https:\/\/www.gmt-menuiseries.com\/menuiseries-dmh\/qui-sommes-nous-2\/"]}]},{"@type":"BreadcrumbList","@id":"https:\/\/www.gmt-menuiseries.com\/menuiseries-dmh\/qui-sommes-nous-2\/#breadcrumb","itemListElement":[{"@type":"ListItem","position":1,"name":"Accueil","item":"https:\/\/www.gmt-menuiseries.com\/menuiseries-dmh\/"},{"@type":"ListItem","position":2,"name":"Qui sommes-nous ?"}]},{"@type":"WebSite","@id":"https:\/\/www.gmt-menuiseries.com\/menuiseries-dmh\/#website","url":"https:\/\/www.gmt-menuiseries.com\/menuiseries-dmh\/","name":"Menuiserie DMH","description":"Un site utilisant WordPress","publisher":{"@id":"https:\/\/www.gmt-menuiseries.com\/menuiseries-dmh\/#organization"},"potentialAction":[{"@type":"SearchAction","target":{"@type":"EntryPoint","urlTemplate":"https:\/\/www.gmt-menuiseries.com\/menuiseries-dmh\/?s={search_term_string}"},"query-input":"required name=search_term_string"}],"inLanguage":"fr-FR"},{"@type":"Organization","@id":"https:\/\/www.gmt-menuiseries.com\/menuiseries-dmh\/#organization","name":"Menuiserie DMH","url":"https:\/\/www.gmt-menuiseries.com\/menuiseries-dmh\/","sameAs":[],"logo":{"@type":"ImageObject","inLanguage":"fr-FR","@id":"https:\/\/www.gmt-menuiseries.com\/menuiseries-dmh\/#\/schema\/logo\/image\/","url":"https:\/\/www.gmt-menuiseries.com\/wp-content\/uploads\/2025\/10\/logo-agence-dmh.png","contentUrl":"https:\/\/www.gmt-menuiseries.com\/wp-content\/uploads\/2025\/10\/logo-agence-dmh.png","width":140,"height":96,"caption":"Menuiserie DMH"},"image":{"@id":"https:\/\/www.gmt-menuiseries.com\/menuiseries-dmh\/#\/schema\/logo\/image\/"}}]}},"_links":{"self":[{"href":"https:\/\/www.gmt-menuiseries.com\/menuiseries-dmh\/wp-json\/wp\/v2\/pages\/5602"}],"collection":[{"href":"https:\/\/www.gmt-menuiseries.com\/menuiseries-dmh\/wp-json\/wp\/v2\/pages"}],"about":[{"href":"https:\/\/www.gmt-menuiseries.com\/menuiseries-dmh\/wp-json\/wp\/v2\/types\/page"}],"author":[{"embeddable":true,"href":"https:\/\/www.gmt-menuiseries.com\/menuiseries-dmh\/wp-json\/wp\/v2\/users\/1"}],"replies":[{"embeddable":true,"href":"https:\/\/www.gmt-menuiseries.com\/menuiseries-dmh\/wp-json\/wp\/v2\/comments?post=5602"}],"version-history":[{"count":1,"href":"https:\/\/www.gmt-menuiseries.com\/menuiseries-dmh\/wp-json\/wp\/v2\/pages\/5602\/revisions"}],"predecessor-version":[{"id":14652,"href":"https:\/\/www.gmt-menuiseries.com\/menuiseries-dmh\/wp-json\/wp\/v2\/pages\/5602\/revisions\/14652"}],"wp:attachment":[{"href":"https:\/\/www.gmt-menuiseries.com\/menuiseries-dmh\/wp-json\/wp\/v2\/media?parent=5602"}],"curies":[{"name":"wp","href":"https:\/\/api.w.org\/{rel}","templated":true}]}}